{"id":1873,"date":"2024-09-10T04:58:07","date_gmt":"2024-09-10T04:58:07","guid":{"rendered":"https:\/\/presenters.ee\/avaliku-esinemise-e-kursus\/"},"modified":"2026-01-07T12:06:11","modified_gmt":"2026-01-07T12:06:11","slug":"e-course","status":"publish","type":"page","link":"https:\/\/presenters.ee\/en\/e-course\/","title":{"rendered":"Virtual"},"content":{"rendered":"\n<div class=\"wp-block-cover alignfull\" style=\"min-height:508px;aspect-ratio:unset;\"><img loading=\"lazy\" decoding=\"async\" width=\"2560\" height=\"1707\" class=\"wp-block-cover__image-background wp-image-15\" alt=\"Anonymus Presenters I Avalik esinemine \" src=\"https:\/\/presenters.ee\/wp-content\/uploads\/2023\/10\/Mardo-Anonymous-Presenters-20194751-scaled.jpg\" style=\"object-position:55% 14%\" data-object-fit=\"cover\" data-object-position=\"55% 14%\" srcset=\"https:\/\/presenters.ee\/wp-content\/uploads\/2023\/10\/Mardo-Anonymous-Presenters-20194751-scaled.jpg 2560w, https:\/\/presenters.ee\/wp-content\/uploads\/2023\/10\/Mardo-Anonymous-Presenters-20194751-300x200.jpg 300w, https:\/\/presenters.ee\/wp-content\/uploads\/2023\/10\/Mardo-Anonymous-Presenters-20194751-1024x683.jpg 1024w, https:\/\/presenters.ee\/wp-content\/uploads\/2023\/10\/Mardo-Anonymous-Presenters-20194751-768x512.jpg 768w, https:\/\/presenters.ee\/wp-content\/uploads\/2023\/10\/Mardo-Anonymous-Presenters-20194751-1536x1024.jpg 1536w, https:\/\/presenters.ee\/wp-content\/uploads\/2023\/10\/Mardo-Anonymous-Presenters-20194751-2048x1365.jpg 2048w, https:\/\/presenters.ee\/wp-content\/uploads\/2023\/10\/Mardo-Anonymous-Presenters-20194751-1568x1045.jpg 1568w\" sizes=\"auto, (max-width: 2560px) 100vw, 2560px\" \/><span aria-hidden=\"true\" class=\"wp-block-cover__background has-background-dim-20 has-background-dim\"><\/span><div class=\"wp-block-cover__inner-container is-layout-flow wp-block-cover-is-layout-flow\">\n<p class=\"has-text-align-center\" style=\"font-size:18px\"><\/p>\n<\/div><\/div>\n\n\n\n<div style=\"height:40px\" aria-hidden=\"true\" class=\"wp-block-spacer mobile-spacer-5\"><\/div>\n\n\n\n<h1 class=\"wp-block-heading has-text-align-center\" style=\"text-transform:uppercase\">PRESENT AND COMMUNICATE SO THAT<br>YOU ARE HEARD AND UNDERSTOOD<\/h1>\n\n\n\n<p class=\"has-text-align-center\">CONFIDENCE ON STAGE. CLARITY IN THE TEAM. IMPACT IN EVERY CONVERSATION.<br>Our public speaking e-course is designed to give you all the skills you need to speak confidently, clearly and naturally in any situation. Whether you prefer to delve into the topics at your own pace or get through the course quickly, our flexible format offers a learning experience that suits you.<\/p>\n\n\n\n<div style=\"height:20px\" aria-hidden=\"true\" class=\"wp-block-spacer mobile-spacer-5\"><\/div>\n\n\n\n<div class=\"wp-block-buttons is-content-justification-center is-layout-flex wp-container-core-buttons-is-layout-16018d1d wp-block-buttons-is-layout-flex\">\n<div class=\"wp-block-button\"><a class=\"wp-block-button__link wp-element-button\" href=\"https:\/\/shop.presenters.coursy.io\/courses\/480263\" target=\"_blank\" rel=\"noreferrer noopener\">ENROLL NOW<\/a><\/div>\n<\/div>\n\n\n\n<div style=\"height:16px\" aria-hidden=\"true\" class=\"wp-block-spacer mobile-spacer-0\"><\/div>\n\n\n\n<h3 class=\"wp-block-heading\" style=\"text-transform:uppercase\"><strong>The whole course consists of five modules:<\/strong><\/h3>\n\n\n\n<ol class=\"wp-block-list\">\n<li><strong>In module I &#8220;How to be in front of an audience?&#8221;<\/strong> (ca. 1h) we will give you skills that will help you overcome fears that arise in both speaking and communication situations in general and be natural, free and expressive, while remaining yourself.<\/li>\n\n\n\n<li><strong>Module II &#8220;Putting thoughts into clear and effective words&#8221;<\/strong> (ca. 2h) gives you skills on how to be a good and authentic storyteller, speak captivatingly and clearly and compose an effective speech or message.<\/li>\n\n\n\n<li><strong>Module III &#8220;Using presentation materials to illustrate a speech&#8221;<\/strong> (ca. 20 min) gives you the main rules on how to build a slideshow, how to play slides with the spoken text in a presentation and how to design slides.<\/li>\n\n\n\n<li><strong>Module IV &#8220;Instructions for group training&#8221;<\/strong> (12 min) is primarily intended for participants in team training. Here we give you practical guidelines for group work with your colleagues.<\/li>\n\n\n\n<li>In <strong>Module V &#8220;Summary&#8221; <\/strong>(2 min) we give you final advice and a summary of the course.<\/li>\n<\/ol>\n\n\n\n<div style=\"height:20px\" aria-hidden=\"true\" class=\"wp-block-spacer Mobile-apcer-10\"><\/div>\n\n\n\n<h3 class=\"wp-block-heading\">THE COURSE PACE IS IN YOUR HANDS<\/h3>\n\n\n\n<p>You can go through the entire course in a few hours, but we recommend taking the time to practice and mastering the modules.<\/p>\n\n\n\n<p>The course is active for 3 months.<br><\/p>\n\n\n\n<div style=\"height:20px\" aria-hidden=\"true\" class=\"wp-block-spacer Mobile-apcer-10\"><\/div>\n\n\n\n<h3 class=\"wp-block-heading\">PICK THE LEARNING STYLE THAT WORKS FOR YOU<\/h3>\n\n\n\n<p><strong>1. In-depth learning with short clips (total course length approx. 4 hours):<\/strong><br>This option is ideal if you prefer to learn at your own pace and in small steps. The entire training is divided into mini-videos of up to 7 minutes, which allow you to comfortably delve into the details of each topic, solve exercises and reflect more thoroughly, whether at the computer or during short breaks.<\/p>\n\n\n\n<p><strong>2. Fast and smooth completion (total length approx. 2 hours 45 minutes) <\/strong>\u2013 the entire course in one stream: If you want to complete the training quickly and comfortably as a longer listening or viewing session, this is the best choice for you. Ideal for example while walking, driving (listening) or in a quiet afternoon behind a screen. The course is structured in larger parts so that you can concentrate without too much clicking and reach the whole thing in one go. During the exercises, you can pause the training at a convenient moment and thus control the course of the exercises yourself.<\/p>\n\n\n\n<h3 class=\"wp-block-heading\">PRICE&nbsp;<\/h3>\n\n\n\n<p><strong>98<strong>\u20ac<\/strong> includes 90-day access to all course content.<\/strong><\/p>\n\n\n\n<p>If you would like to order a course for more than 10 participants, write to us, we will put together a solution that suits your team.<\/p>\n\n\n\n<p><strong>Write to <a href=\"mailto:laura@presenters.ee\" target=\"_blank\" rel=\"noreferrer noopener\">laura@presenters.ee<\/a><\/strong><\/p>\n\n\n\n<div class=\"wp-block-buttons is-content-justification-center is-layout-flex wp-container-core-buttons-is-layout-16018d1d wp-block-buttons-is-layout-flex\">\n<div class=\"wp-block-button\"><a class=\"wp-block-button__link wp-element-button\" href=\"https:\/\/shop.presenters.coursy.io\/courses\/480263\" target=\"_blank\" rel=\"noreferrer noopener\">ENROLL NOW<\/a><\/div>\n<\/div>\n\n\n\n<div style=\"height:20px\" aria-hidden=\"true\" class=\"wp-block-spacer\"><\/div>\n\n\n\n<figure class=\"wp-block-embed is-type-video is-provider-vimeo wp-block-embed-vimeo wp-embed-aspect-16-9 wp-has-aspect-ratio\"><div class=\"wp-block-embed__wrapper\">\n<iframe loading=\"lazy\" title=\"e-course introduction \/ Anonymous Presenters\" src=\"https:\/\/player.vimeo.com\/video\/1146570834?dnt=1&amp;app_id=122963\" width=\"500\" height=\"281\" frameborder=\"0\" allow=\"autoplay; fullscreen; picture-in-picture; clipboard-write; encrypted-media; web-share\" referrerpolicy=\"strict-origin-when-cross-origin\"><\/iframe>\n<\/div><\/figure>\n\n\n\n<div style=\"height:20px\" aria-hidden=\"true\" class=\"wp-block-spacer\"><\/div>\n\n\n\n<figure class=\"wp-block-embed is-type-video is-provider-vimeo wp-block-embed-vimeo wp-embed-aspect-16-9 wp-has-aspect-ratio\"><div class=\"wp-block-embed__wrapper\">\n <iframe loading=\"lazy\" title=\"e-Course invitation (Anonymous Presenters)\" src=\"https:\/\/player.vimeo.com\/video\/1124744774?dnt=1&amp;app_id=122963\" width=\"500\" height=\"281\" frameborder=\"0\" allow=\"autoplay; fullscreen; picture-in-picture; clipboard-write; encrypted-media; web-share\" referrerpolicy=\"strict-origin-when-cross-origin\"><\/iframe>\n<\/div><\/figure>\n\n\n\n<p><\/p>\n","protected":false},"excerpt":{"rendered":"<p>PRESENT AND COMMUNICATE SO THATYOU ARE HEARD AND UNDERSTOOD CONFIDENCE ON STAGE. CLARITY IN THE TEAM. IMPACT IN EVERY CONVERSATION.Our public speaking e-course is designed to give you all the skills you need to speak confidently, clearly and naturally in any situation. Whether you prefer to delve into the topics at your own pace or [&hellip;]<\/p>\n","protected":false},"author":2,"featured_media":0,"parent":0,"menu_order":0,"comment_status":"closed","ping_status":"closed","template":"","meta":{"footnotes":""},"class_list":["post-1873","page","type-page","status-publish","hentry"],"yoast_head":"<!-- This site is optimized with the Yoast SEO plugin v27.1.1 - https:\/\/yoast.com\/product\/yoast-seo-wordpress\/ -->\n<title>Virtual - Anonymous Presenters<\/title>\n<meta name=\"description\" content=\"Kuidas j\u00f5uda m\u00f5tetest selge ja m\u00f5jusa tekstini seda k\u00f5ike saab teada Anonymous Presenters avaliku esinemise virtuaalkursuselt.\" \/>\n<meta name=\"robots\" content=\"index, follow, max-snippet:-1, max-image-preview:large, max-video-preview:-1\" \/>\n<link rel=\"canonical\" href=\"https:\/\/presenters.ee\/en\/e-course\/\" \/>\n<meta property=\"og:locale\" content=\"en_US\" \/>\n<meta property=\"og:type\" content=\"article\" \/>\n<meta property=\"og:title\" content=\"Virtual - Anonymous Presenters\" \/>\n<meta property=\"og:description\" content=\"Kuidas j\u00f5uda m\u00f5tetest selge ja m\u00f5jusa tekstini seda k\u00f5ike saab teada Anonymous Presenters avaliku esinemise virtuaalkursuselt.\" \/>\n<meta property=\"og:url\" content=\"https:\/\/presenters.ee\/en\/e-course\/\" \/>\n<meta property=\"og:site_name\" content=\"Anonymous Presenters\" \/>\n<meta property=\"article:publisher\" content=\"https:\/\/www.facebook.com\/anonymouspresenters\/\" \/>\n<meta property=\"article:modified_time\" content=\"2026-01-07T12:06:11+00:00\" \/>\n<meta property=\"og:image\" content=\"https:\/\/presenters.ee\/wp-content\/uploads\/2023\/10\/Mardo-Anonymous-Presenters-20194751-scaled.jpg\" \/>\n\t<meta property=\"og:image:width\" content=\"2560\" \/>\n\t<meta property=\"og:image:height\" content=\"1707\" \/>\n\t<meta property=\"og:image:type\" content=\"image\/jpeg\" \/>\n<meta name=\"twitter:card\" content=\"summary_large_image\" \/>\n<meta name=\"twitter:label1\" content=\"Est. reading time\" \/>\n\t<meta name=\"twitter:data1\" content=\"3 minutes\" \/>\n<script type=\"application\/ld+json\" class=\"yoast-schema-graph\">{\"@context\":\"https:\/\/schema.org\",\"@graph\":[{\"@type\":\"WebPage\",\"@id\":\"https:\/\/presenters.ee\/en\/e-course\/\",\"url\":\"https:\/\/presenters.ee\/en\/e-course\/\",\"name\":\"Virtual - Anonymous Presenters\",\"isPartOf\":{\"@id\":\"https:\/\/presenters.ee\/#website\"},\"primaryImageOfPage\":{\"@id\":\"https:\/\/presenters.ee\/en\/e-course\/#primaryimage\"},\"image\":{\"@id\":\"https:\/\/presenters.ee\/en\/e-course\/#primaryimage\"},\"thumbnailUrl\":\"https:\/\/presenters.ee\/wp-content\/uploads\/2023\/10\/Mardo-Anonymous-Presenters-20194751-scaled.jpg\",\"datePublished\":\"2024-09-10T04:58:07+00:00\",\"dateModified\":\"2026-01-07T12:06:11+00:00\",\"description\":\"Kuidas j\u00f5uda m\u00f5tetest selge ja m\u00f5jusa tekstini seda k\u00f5ike saab teada Anonymous Presenters avaliku esinemise virtuaalkursuselt.\",\"breadcrumb\":{\"@id\":\"https:\/\/presenters.ee\/en\/e-course\/#breadcrumb\"},\"inLanguage\":\"en-US\",\"potentialAction\":[{\"@type\":\"ReadAction\",\"target\":[\"https:\/\/presenters.ee\/en\/e-course\/\"]}]},{\"@type\":\"ImageObject\",\"inLanguage\":\"en-US\",\"@id\":\"https:\/\/presenters.ee\/en\/e-course\/#primaryimage\",\"url\":\"https:\/\/presenters.ee\/wp-content\/uploads\/2023\/10\/Mardo-Anonymous-Presenters-20194751-scaled.jpg\",\"contentUrl\":\"https:\/\/presenters.ee\/wp-content\/uploads\/2023\/10\/Mardo-Anonymous-Presenters-20194751-scaled.jpg\"},{\"@type\":\"BreadcrumbList\",\"@id\":\"https:\/\/presenters.ee\/en\/e-course\/#breadcrumb\",\"itemListElement\":[{\"@type\":\"ListItem\",\"position\":1,\"name\":\"Home\",\"item\":\"https:\/\/presenters.ee\/en\/\"},{\"@type\":\"ListItem\",\"position\":2,\"name\":\"Virtual\"}]},{\"@type\":\"WebSite\",\"@id\":\"https:\/\/presenters.ee\/#website\",\"url\":\"https:\/\/presenters.ee\/\",\"name\":\"Anonymous Presenters\",\"description\":\"\",\"potentialAction\":[{\"@type\":\"SearchAction\",\"target\":{\"@type\":\"EntryPoint\",\"urlTemplate\":\"https:\/\/presenters.ee\/?s={search_term_string}\"},\"query-input\":{\"@type\":\"PropertyValueSpecification\",\"valueRequired\":true,\"valueName\":\"search_term_string\"}}],\"inLanguage\":\"en-US\"}]}<\/script>\n<!-- \/ Yoast SEO plugin. -->","yoast_head_json":{"title":"Virtual - Anonymous Presenters","description":"Kuidas j\u00f5uda m\u00f5tetest selge ja m\u00f5jusa tekstini seda k\u00f5ike saab teada Anonymous Presenters avaliku esinemise virtuaalkursuselt.","robots":{"index":"index","follow":"follow","max-snippet":"max-snippet:-1","max-image-preview":"max-image-preview:large","max-video-preview":"max-video-preview:-1"},"canonical":"https:\/\/presenters.ee\/en\/e-course\/","og_locale":"en_US","og_type":"article","og_title":"Virtual - Anonymous Presenters","og_description":"Kuidas j\u00f5uda m\u00f5tetest selge ja m\u00f5jusa tekstini seda k\u00f5ike saab teada Anonymous Presenters avaliku esinemise virtuaalkursuselt.","og_url":"https:\/\/presenters.ee\/en\/e-course\/","og_site_name":"Anonymous Presenters","article_publisher":"https:\/\/www.facebook.com\/anonymouspresenters\/","article_modified_time":"2026-01-07T12:06:11+00:00","og_image":[{"width":2560,"height":1707,"url":"https:\/\/presenters.ee\/wp-content\/uploads\/2023\/10\/Mardo-Anonymous-Presenters-20194751-scaled.jpg","type":"image\/jpeg"}],"twitter_card":"summary_large_image","twitter_misc":{"Est. reading time":"3 minutes"},"schema":{"@context":"https:\/\/schema.org","@graph":[{"@type":"WebPage","@id":"https:\/\/presenters.ee\/en\/e-course\/","url":"https:\/\/presenters.ee\/en\/e-course\/","name":"Virtual - Anonymous Presenters","isPartOf":{"@id":"https:\/\/presenters.ee\/#website"},"primaryImageOfPage":{"@id":"https:\/\/presenters.ee\/en\/e-course\/#primaryimage"},"image":{"@id":"https:\/\/presenters.ee\/en\/e-course\/#primaryimage"},"thumbnailUrl":"https:\/\/presenters.ee\/wp-content\/uploads\/2023\/10\/Mardo-Anonymous-Presenters-20194751-scaled.jpg","datePublished":"2024-09-10T04:58:07+00:00","dateModified":"2026-01-07T12:06:11+00:00","description":"Kuidas j\u00f5uda m\u00f5tetest selge ja m\u00f5jusa tekstini seda k\u00f5ike saab teada Anonymous Presenters avaliku esinemise virtuaalkursuselt.","breadcrumb":{"@id":"https:\/\/presenters.ee\/en\/e-course\/#breadcrumb"},"inLanguage":"en-US","potentialAction":[{"@type":"ReadAction","target":["https:\/\/presenters.ee\/en\/e-course\/"]}]},{"@type":"ImageObject","inLanguage":"en-US","@id":"https:\/\/presenters.ee\/en\/e-course\/#primaryimage","url":"https:\/\/presenters.ee\/wp-content\/uploads\/2023\/10\/Mardo-Anonymous-Presenters-20194751-scaled.jpg","contentUrl":"https:\/\/presenters.ee\/wp-content\/uploads\/2023\/10\/Mardo-Anonymous-Presenters-20194751-scaled.jpg"},{"@type":"BreadcrumbList","@id":"https:\/\/presenters.ee\/en\/e-course\/#breadcrumb","itemListElement":[{"@type":"ListItem","position":1,"name":"Home","item":"https:\/\/presenters.ee\/en\/"},{"@type":"ListItem","position":2,"name":"Virtual"}]},{"@type":"WebSite","@id":"https:\/\/presenters.ee\/#website","url":"https:\/\/presenters.ee\/","name":"Anonymous Presenters","description":"","potentialAction":[{"@type":"SearchAction","target":{"@type":"EntryPoint","urlTemplate":"https:\/\/presenters.ee\/?s={search_term_string}"},"query-input":{"@type":"PropertyValueSpecification","valueRequired":true,"valueName":"search_term_string"}}],"inLanguage":"en-US"}]}},"_links":{"self":[{"href":"https:\/\/presenters.ee\/en\/wp-json\/wp\/v2\/pages\/1873","targetHints":{"allow":["GET"]}}],"collection":[{"href":"https:\/\/presenters.ee\/en\/wp-json\/wp\/v2\/pages"}],"about":[{"href":"https:\/\/presenters.ee\/en\/wp-json\/wp\/v2\/types\/page"}],"author":[{"embeddable":true,"href":"https:\/\/presenters.ee\/en\/wp-json\/wp\/v2\/users\/2"}],"replies":[{"embeddable":true,"href":"https:\/\/presenters.ee\/en\/wp-json\/wp\/v2\/comments?post=1873"}],"version-history":[{"count":4,"href":"https:\/\/presenters.ee\/en\/wp-json\/wp\/v2\/pages\/1873\/revisions"}],"predecessor-version":[{"id":1898,"href":"https:\/\/presenters.ee\/en\/wp-json\/wp\/v2\/pages\/1873\/revisions\/1898"}],"wp:attachment":[{"href":"https:\/\/presenters.ee\/en\/wp-json\/wp\/v2\/media?parent=1873"}],"curies":[{"name":"wp","href":"https:\/\/api.w.org\/{rel}","templated":true}]}}